{"id":3,"date":"2025-11-04T15:44:52","date_gmt":"2025-11-04T07:44:52","guid":{"rendered":"https:\/\/www.100valve.com\/?page_id=3"},"modified":"2025-11-13T08:33:00","modified_gmt":"2025-11-13T00:33:00","slug":"privacy-policy","status":"publish","type":"page","link":"https:\/\/www.100valve.com\/es\/privacy-policy\/","title":{"rendered":"Pol\u00edtica de privacidad"},"content":{"rendered":"<section class=\"l-section wpb_row height_large width_custom\" style=\"--site-content-width:970px;\"><div class=\"l-section-h i-cf\"><div class=\"g-cols vc_row via_grid cols_1 laptops-cols_inherit tablets-cols_inherit mobiles-cols_1 valign_top type_default stacking_default\"><div class=\"wpb_column vc_column_container\"><div class=\"vc_column-inner\"><h1 class=\"w-post-elm post_title entry-title color_link_inherit\">Pol\u00edtica de privacidad<\/h1><div class=\"wpb_text_column\"><div class=\"wpb_wrapper\"><p>Esta Aplicaci\u00f3n recopila algunos Datos Personales de sus Usuarios.<\/p>\n<h2>Tipos de datos recopilados<\/h2>\n<p>Entre los tipos de Datos Personales que esta Aplicaci\u00f3n recopila, ya sea directamente o a trav\u00e9s de terceros, se encuentran: nombre, apellidos, direcci\u00f3n de correo electr\u00f3nico, nombre de usuario, diversos tipos de Datos, Cookies y Datos de Uso. La informaci\u00f3n completa sobre cada tipo de Datos Personales recopilados se proporciona en las secciones dedicadas de esta pol\u00edtica de privacidad o mediante textos explicativos espec\u00edficos que se muestran antes de la recopilaci\u00f3n de los Datos.<br \/>Los Datos Personales podr\u00e1n ser proporcionados libremente por el Usuario o, en caso de los Datos de Uso, ser\u00e1n recogidos autom\u00e1ticamente al utilizar esta Aplicaci\u00f3n.<br \/>Salvo que se especifique lo contrario, todos los Datos solicitados por esta Aplicaci\u00f3n son obligatorios y la falta de suministro de los mismos podr\u00eda imposibilitar la prestaci\u00f3n de sus servicios. En los casos en que esta Aplicaci\u00f3n indique espec\u00edficamente que algunos Datos no son obligatorios, los Usuarios tienen la libertad de no comunicarlos, sin que ello afecte a la disponibilidad ni al funcionamiento del Servicio.<br \/>Los usuarios que tengan dudas sobre qu\u00e9 Datos Personales son obligatorios pueden contactar al Propietario.<br \/>El uso de Cookies, o de otras herramientas de seguimiento, por parte de esta Aplicaci\u00f3n o de los titulares de servicios de terceros utilizados por esta Aplicaci\u00f3n tiene como finalidad la prestaci\u00f3n del Servicio solicitado por el Usuario, adem\u00e1s de cualquier otra finalidad descrita en el presente documento y en la Pol\u00edtica de Cookies, si est\u00e1 disponible. Los Usuarios son responsables de los Datos Personales de terceros obtenidos, publicados o compartidos a trav\u00e9s de esta Aplicaci\u00f3n y declaran que cuentan con el consentimiento de dichos terceros para proporcionarlos al Titular.<\/p>\n<h2>Modalidad y lugar del tratamiento de los Datos<\/h2>\n<h3>M\u00e9todos de procesamiento<\/h3>\n<p>El Titular tomar\u00e1 las medidas de seguridad adecuadas para impedir el acceso, la divulgaci\u00f3n, la modificaci\u00f3n o la destrucci\u00f3n no autorizada de los Datos.<br \/>El tratamiento de Datos se realiza mediante ordenadores y\/o herramientas inform\u00e1ticas, siguiendo procedimientos y modalidades organizativas estrictamente relacionadas con las finalidades indicadas. Adem\u00e1s del Titular, en algunos casos, podr\u00e1n acceder a los Datos ciertas personas responsables del funcionamiento de esta Aplicaci\u00f3n (administraci\u00f3n, ventas, marketing, departamento jur\u00eddico, administraci\u00f3n de sistemas) o terceros (como proveedores externos de servicios t\u00e9cnicos, empresas de mensajer\u00eda, proveedores de hosting, empresas de inform\u00e1tica, agencias de comunicaci\u00f3n) designados, si es necesario, como Encargados del Tratamiento por el Titular. La lista actualizada de estas personas podr\u00e1 solicitarse al Titular en cualquier momento.<\/p>\n<h3>Base legal del tratamiento<\/h3>\n<p>El Titular podr\u00e1 tratar los Datos Personales de los Usuarios si se cumple una de las siguientes condiciones: Los Usuarios han dado su consentimiento para uno o m\u00e1s fines espec\u00edficos. Nota: En virtud de algunas legislaciones, el Titular podr\u00e1 tratar los Datos Personales hasta que el Usuario se oponga a dicho tratamiento (&quot;exclusi\u00f3n voluntaria&quot;), sin tener que depender del consentimiento ni de ninguna otra de las siguientes bases legales. Sin embargo, esto no se aplica cuando el tratamiento de los Datos Personales est\u00e9 sujeto a la legislaci\u00f3n europea en materia de protecci\u00f3n de datos; el suministro de Datos sea necesario para la ejecuci\u00f3n de un acuerdo con el Usuario y\/o para cualquier obligaci\u00f3n precontractual del mismo; el tratamiento sea necesario para el cumplimiento de una obligaci\u00f3n legal a la que est\u00e9 sujeto el Titular; el tratamiento est\u00e9 relacionado con una tarea que se lleve a cabo en inter\u00e9s p\u00fablico o en el ejercicio de la autoridad oficial conferida al Titular; el tratamiento sea necesario para los fines de los intereses leg\u00edtimos perseguidos por el Titular o por un tercero. En cualquier caso, el Titular estar\u00e1 encantado de ayudar a aclarar la base legal espec\u00edfica que se aplica al tratamiento, y en particular si el suministro de Datos Personales es un requisito legal o contractual, o un requisito necesario para celebrar un contrato.<\/p>\n<h3>Lugar<\/h3>\n<p>Los Datos se tratan en las oficinas operativas del Titular, as\u00ed como en cualquier otro lugar en el que se encuentren situadas las partes implicadas en dicho proceso de tratamiento.<\/p>\n<p>Dependiendo de la ubicaci\u00f3n del Usuario, las transferencias de datos pueden implicar la transferencia de sus Datos a un pa\u00eds distinto del suyo. Para obtener m\u00e1s informaci\u00f3n sobre el lugar de tratamiento de dichos Datos transferidos, los Usuarios pueden consultar la secci\u00f3n sobre el tratamiento de Datos Personales. Los Usuarios tambi\u00e9n tienen derecho a conocer la base legal de las transferencias de Datos a un pa\u00eds fuera de la Uni\u00f3n Europea o a cualquier organizaci\u00f3n internacional de derecho internacional p\u00fablico o constituida por dos o m\u00e1s pa\u00edses, como la ONU, y las medidas de seguridad adoptadas por el Titular para salvaguardar sus Datos.<\/p>\n<p>En caso de que tuviera lugar dicha transferencia, los Usuarios podr\u00e1n obtener m\u00e1s informaci\u00f3n consultando las secciones relevantes del presente documento o solicit\u00e1ndola al Titular a trav\u00e9s de la informaci\u00f3n de contacto que aparece en la secci\u00f3n de contacto.<\/p>\n<h3>Tiempo de retenci\u00f3n<\/h3>\n<p>Los Datos Personales ser\u00e1n tratados y almacenados durante el tiempo requerido por la finalidad para la que han sido recogidos. Por lo tanto: Los Datos Personales recogidos para fines relacionados con la ejecuci\u00f3n de un contrato entre el Titular y el Usuario se conservar\u00e1n hasta que dicho contrato se haya ejecutado por completo. Los Datos Personales recogidos para los fines de los intereses leg\u00edtimos del Titular se conservar\u00e1n durante el tiempo que sea necesario para cumplir dichos fines. Los Usuarios pueden encontrar informaci\u00f3n espec\u00edfica sobre los intereses leg\u00edtimos que persigue el Titular en las secciones pertinentes de este documento o contactando con el Titular. El Titular podr\u00e1 conservar los Datos Personales durante un periodo superior siempre que el Usuario haya dado su consentimiento a dicho tratamiento, siempre que dicho consentimiento siga vigente. Adem\u00e1s, el Titular podr\u00e1 estar obligado a conservar los Datos Personales durante un periodo superior siempre que sea necesario para el cumplimiento de una obligaci\u00f3n legal o por orden de una autoridad.<\/p>\n<p>Una vez transcurrido el plazo de conservaci\u00f3n, los Datos Personales ser\u00e1n eliminados. Por lo tanto, los derechos de acceso, supresi\u00f3n, rectificaci\u00f3n y portabilidad de datos no podr\u00e1n ejercerse una vez transcurrido dicho plazo.<\/p>\n<h2>Los fines del tratamiento<\/h2>\n<p>Los Datos del Usuario se recopilan para que el Titular pueda prestar sus Servicios, as\u00ed como para las siguientes finalidades: Gesti\u00f3n de solicitudes de soporte y contacto, Contactar con el Usuario, Registro y autenticaci\u00f3n, Optimizaci\u00f3n y distribuci\u00f3n del tr\u00e1fico, Visualizaci\u00f3n de contenido de plataformas externas, An\u00e1lisis, y Gesti\u00f3n de contactos y env\u00edo de mensajes. Los Usuarios pueden encontrar informaci\u00f3n m\u00e1s detallada sobre dichas finalidades del tratamiento y sobre los Datos Personales espec\u00edficos utilizados para cada finalidad en las respectivas secciones de este documento.<\/p>\n<h2>Informaci\u00f3n detallada sobre el tratamiento de Datos Personales<\/h2>\n<p>Los datos personales se recopilan para las siguientes finalidades y utilizando los siguientes servicios:<\/p>\n<h3>Anal\u00edtica<\/h3>\n<p>Los servicios contenidos en esta secci\u00f3n permiten al Titular monitorizar y analizar el tr\u00e1fico web y pueden utilizarse para realizar un seguimiento del comportamiento del Usuario.<\/p>\n<h4>Google Analytics (Google Inc.)<\/h4>\n<p>Google Analytics es un servicio de an\u00e1lisis web prestado por Google Inc. (\u201cGoogle\u201d). Google utiliza los Datos recopilados para rastrear y examinar el uso de esta Aplicaci\u00f3n, elaborar informes sobre sus actividades y compartirlos con otros servicios de Google.<br \/>Google puede utilizar los datos recopilados para contextualizar y personalizar los anuncios de su propia red publicitaria. Datos personales recopilados: Cookies y datos de uso. Lugar de tratamiento: EE. UU.\u00a0<a href=\"https:\/\/www.google.com\/intl\/en\/policies\/privacy\/\" target=\"_blank\" rel=\"noopener noreferrer\">pol\u00edtica de privacidad<\/a>\u00a0\u2013\u00a0<a href=\"https:\/\/tools.google.com\/dlpage\/gaoptout?hl=en\" target=\"_blank\" rel=\"noopener\">Exclusi\u00f3n voluntaria<\/a>.<\/p>\n<h3>Contactando con el Usuario<\/h3>\n<h4>Formulario de contacto<\/h4>\n<p>Al rellenar el formulario de contacto con sus Datos, el Usuario autoriza a esta Aplicaci\u00f3n a utilizarlos para responder a solicitudes de informaci\u00f3n, presupuestos o cualquier otro tipo de solicitud, tal como se indica en el encabezado del formulario. Datos Personales recopilados: direcci\u00f3n de correo electr\u00f3nico, nombre y apellidos.<\/p>\n<h4>Lista de correo o bolet\u00edn informativo<\/h4>\n<p>Al registrarse en la lista de correo o en el bolet\u00edn informativo, su direcci\u00f3n de correo electr\u00f3nico se a\u00f1adir\u00e1 a la lista de contactos que podr\u00e1n recibir correos electr\u00f3nicos con informaci\u00f3n comercial o promocional sobre esta Aplicaci\u00f3n. Su direcci\u00f3n de correo electr\u00f3nico tambi\u00e9n podr\u00eda a\u00f1adirse a esta lista al registrarse en esta Aplicaci\u00f3n o tras realizar una compra. Datos personales recopilados: direcci\u00f3n de correo electr\u00f3nico.<\/p>\n<h3>Visualizaci\u00f3n de contenido de plataformas externas<\/h3>\n<p>Este tipo de servicios permite visualizar contenidos alojados en plataformas externas directamente desde las p\u00e1ginas de esta Aplicaci\u00f3n e interactuar con ellos.<br \/>Este tipo de servicios podr\u00edan seguir recopilando datos de tr\u00e1fico web para las p\u00e1ginas en las que est\u00e9 instalado el servicio, incluso cuando los Usuarios no lo utilicen.<\/p>\n<h3>Administrar contactos y enviar mensajes<\/h3>\n<p>Este tipo de servicios permite gestionar una base de datos de contactos de correo electr\u00f3nico, contactos telef\u00f3nicos o cualquier otro dato de contacto para comunicarse con el Usuario.<br \/>Estos servicios tambi\u00e9n pueden recopilar datos relativos a la fecha y hora en que el Usuario vio el mensaje, as\u00ed como cuando el Usuario interactu\u00f3 con \u00e9l, por ejemplo al hacer clic en enlaces incluidos en el mensaje.<\/p>\n<h3>Gesti\u00f3n de solicitudes de soporte y contacto<\/h3>\n<p>Este tipo de servicios permiten a esta Aplicaci\u00f3n gestionar las solicitudes de soporte y contacto recibidas v\u00eda correo electr\u00f3nico o por otros medios, como el formulario de contacto.<br \/>Los Datos Personales tratados dependen de la informaci\u00f3n proporcionada por el Usuario en los mensajes y del medio utilizado para la comunicaci\u00f3n (por ejemplo, direcci\u00f3n de correo electr\u00f3nico).<\/p>\n<h4>Registro directo (esta Solicitud)<\/h4>\n<p>El Usuario se registra rellenando el formulario de registro y proporcionando sus Datos Personales directamente a esta Aplicaci\u00f3n. Datos Personales recopilados: direcci\u00f3n de correo electr\u00f3nico, nombre de usuario y diversos tipos de Datos.<\/p>\n<h3>Optimizaci\u00f3n y distribuci\u00f3n del tr\u00e1fico<\/h3>\n<p>Este tipo de servicios permite a esta Aplicaci\u00f3n distribuir sus contenidos utilizando servidores ubicados en diferentes pa\u00edses y optimizar su rendimiento.<br \/>Los Datos Personales que se procesan dependen de las caracter\u00edsticas y la forma en que se implementan estos servicios. Su funci\u00f3n es filtrar las comunicaciones entre esta Aplicaci\u00f3n y el navegador del Usuario.<br \/>Considerando la amplia distribuci\u00f3n de este sistema, es dif\u00edcil determinar las ubicaciones a las que se transfieren los contenidos que pueden contener Informaci\u00f3n Personal del Usuario.<\/p>\n<h2>M\u00e1s informaci\u00f3n sobre Datos Personales<\/h2>\n<h2>Los derechos de los Usuarios<\/h2>\n<p>Los usuarios podr\u00e1n ejercer ciertos derechos con respecto al tratamiento de sus datos por parte del Titular. En particular, tendr\u00e1n derecho a:<span>\u00a0<\/span><strong>Retirar su consentimiento en cualquier momento.<\/strong>\u00a0Los usuarios tienen derecho a retirar el consentimiento cuando previamente hayan dado su consentimiento para el tratamiento de sus Datos Personales.<span>\u00a0<\/span><strong>Oponerse al tratamiento de sus Datos.<\/strong>\u00a0Los usuarios tienen derecho a oponerse al tratamiento de sus datos si este se basa en una base legal distinta al consentimiento. Encontrar\u00e1 m\u00e1s informaci\u00f3n en la secci\u00f3n dedicada a ello m\u00e1s abajo.<span>\u00a0<\/span><strong>Acceder a sus datos.<\/strong>\u00a0Los Usuarios tienen derecho a saber si el Titular est\u00e1 tratando sus Datos, a obtener informaci\u00f3n sobre ciertos aspectos del tratamiento y a obtener una copia de los Datos que se est\u00e1n tratando.<span>\u00a0<\/span><strong>Verificar y buscar rectificaci\u00f3n.<\/strong>\u00a0Los Usuarios tienen derecho a verificar la exactitud de sus Datos y solicitar su actualizaci\u00f3n o correcci\u00f3n.<span>\u00a0<\/span><strong>Restringir el tratamiento de sus Datos.<\/strong>\u00a0Los usuarios tienen derecho, en determinadas circunstancias, a restringir el tratamiento de sus datos. En tal caso, el Titular no tratar\u00e1 sus datos para ning\u00fan otro fin que no sea el de almacenarlos.<span>\u00a0<\/span><strong>Hacer que sus Datos Personales sean eliminados o removidos de otra manera.<\/strong>\u00a0Los Usuarios tienen derecho, en determinadas circunstancias, a obtener del Titular la supresi\u00f3n de sus Datos.<span>\u00a0<\/span><strong>Recibir sus Datos y transferirlos a otro responsable del tratamiento.<\/strong>\u00a0Los usuarios tienen derecho a recibir sus datos en un formato estructurado, de uso com\u00fan y lectura mec\u00e1nica y, si es t\u00e9cnicamente posible, a que se transmitan a otro responsable del tratamiento sin ning\u00fan impedimento. Esta disposici\u00f3n es aplicable siempre que los datos se traten por medios automatizados y que el tratamiento se base en el consentimiento del usuario, en un contrato del que forme parte o en obligaciones precontractuales del mismo.<span>\u00a0<\/span><strong>Presentar una queja.<\/strong>\u00a0Los usuarios tienen derecho a presentar una reclamaci\u00f3n ante la autoridad de protecci\u00f3n de datos competente.<\/p>\n<h3>Detalles sobre el derecho a oponerse al tratamiento<\/h3>\n<p>Cuando el tratamiento de Datos Personales se realice en inter\u00e9s p\u00fablico, en el ejercicio de una autoridad oficial conferida al Titular o para la satisfacci\u00f3n de sus intereses leg\u00edtimos, los Usuarios podr\u00e1n oponerse a dicho tratamiento justificando su objeci\u00f3n alegando un motivo relacionado con su situaci\u00f3n particular. No obstante, los Usuarios deben saber que, si sus Datos Personales se tratan con fines de marketing directo, pueden oponerse en cualquier momento sin necesidad de justificaci\u00f3n. Para saber si el Titular est\u00e1 tratando Datos Personales con fines de marketing directo, los Usuarios pueden consultar las secciones pertinentes de este documento.<\/p>\n<h3>C\u00f3mo ejercer estos derechos<\/h3>\n<p>Cualquier solicitud para ejercer los derechos del Usuario puede dirigirse al Titular a trav\u00e9s de los datos de contacto que figuran en este documento. Estas solicitudes son gratuitas y ser\u00e1n atendidas por el Titular lo antes posible y, siempre, en el plazo de un mes.<\/p>\n<h2>Pol\u00edtica de cookies<\/h2>\n<p>Esta aplicaci\u00f3n utiliza Cookies.<\/p>\n<h2>Informaci\u00f3n adicional sobre la recogida y tratamiento de datos<\/h2>\n<h3>Acci\u00f3n legal<\/h3>\n<p>Los Datos Personales del Usuario podr\u00e1n ser utilizados para la defensa jur\u00eddica del Titular ante un tribunal o en las fases judiciales previas a un posible pleito derivado del uso indebido de esta Aplicaci\u00f3n o de los Servicios relacionados.<br \/>El Usuario declara conocer que el Titular podr\u00e1 estar obligado a revelar datos personales a petici\u00f3n de autoridades p\u00fablicas.<\/p>\n<h3>Informaci\u00f3n adicional sobre los Datos Personales del Usuario<\/h3>\n<p>Adem\u00e1s de la informaci\u00f3n contenida en esta pol\u00edtica de privacidad, esta Aplicaci\u00f3n podr\u00e1 proporcionar al Usuario informaci\u00f3n adicional y contextual relativa a Servicios espec\u00edficos o a la recogida y tratamiento de Datos Personales.<\/p>\n<h3>Registros y mantenimiento del sistema<\/h3>\n<p>Por motivos operativos y de mantenimiento, esta Aplicaci\u00f3n y cualquier servicio de terceros que se utilice podr\u00e1n recoger un registro del sistema; es decir, archivos que registren la interacci\u00f3n con esta Aplicaci\u00f3n y que puedan contener Datos Personales, tales como la direcci\u00f3n IP del Usuario.<\/p>\n<h3>Informaci\u00f3n no contenida en esta pol\u00edtica<\/h3>\n<p>Se puede solicitar al Titular en cualquier momento m\u00e1s informaci\u00f3n sobre la recopilaci\u00f3n y el tratamiento de Datos Personales. Consulte la informaci\u00f3n de contacto al inicio de este documento.<\/p>\n<h3>C\u00f3mo se gestionan las solicitudes de \u201cNo rastrear\u201d<\/h3>\n<p>Esta aplicaci\u00f3n no admite solicitudes \u201cNo rastrear\u201d.<br \/>Para determinar si alguno de los servicios de terceros que utiliza acepta solicitudes \u201cDo Not Track\u201d, lea sus pol\u00edticas de privacidad.<\/p>\n<h3>Cambios a esta pol\u00edtica de privacidad<\/h3>\n<p>El Titular se reserva el derecho de modificar esta pol\u00edtica de privacidad en cualquier momento, notific\u00e1ndoselo a sus Usuarios en esta p\u00e1gina y, si es posible, a trav\u00e9s de esta Aplicaci\u00f3n o, siempre que sea t\u00e9cnica y legalmente posible, notific\u00e1ndoselo a trav\u00e9s de la informaci\u00f3n de contacto que tenga a su disposici\u00f3n. Se recomienda encarecidamente consultar esta p\u00e1gina con frecuencia, consultando la fecha de la \u00faltima modificaci\u00f3n que aparece al final. Si un Usuario se opone a alguno de los cambios en la Pol\u00edtica, deber\u00e1 dejar de usar esta Aplicaci\u00f3n y podr\u00e1 solicitar al Titular que elimine sus Datos Personales. Salvo que se indique lo contrario, la pol\u00edtica de privacidad vigente en ese momento se aplicar\u00e1 a todos los Datos Personales que el Titular tenga sobre los Usuarios.<\/p>\n<h3>Definiciones y referencias legales<\/h3>\n<h4>Datos Personales (o Datos)<\/h4>\n<p>Cualquier informaci\u00f3n que, directa, indirectamente o en conexi\u00f3n con otra informaci\u00f3n, incluido un n\u00famero de identificaci\u00f3n personal, permita identificar o identificar a una persona f\u00edsica.<\/p>\n<h4>Datos de uso<\/h4>\n<p>Las informaciones recogidas de forma autom\u00e1tica por esta Aplicaci\u00f3n (o por servicios de terceros utilizados por esta Aplicaci\u00f3n), podr\u00e1n incluir: las direcciones IP o nombres de dominio de los ordenadores utilizados por el Usuario que se conecte a esta Aplicaci\u00f3n, las direcciones URI (Uniform Resource Identifier), la hora de la solicitud, el m\u00e9todo utilizado para realizar la solicitud al servidor, las dimensiones del archivo obtenido en respuesta, el c\u00f3digo num\u00e9rico indicando el estado de la respuesta del servidor (resultado satisfactorio, error, etc.), el pa\u00eds de origen, las caracter\u00edsticas del navegador y del sistema operativo utilizados por el visitante, las diversas coordenadas temporales de la visita (por ejemplo, el tiempo de permanencia en cada una de las p\u00e1ginas) y los detalles relativos al itinerario seguido dentro de la Aplicaci\u00f3n, con especial referencia a la secuencia de p\u00e1ginas consultadas, a los par\u00e1metros relativos al sistema operativo y al entorno inform\u00e1tico del Usuario.<\/p>\n<h4>Usuario<\/h4>\n<p>El individuo que utilice esta Aplicaci\u00f3n, quien, a menos que se indique lo contrario deber\u00e1 coincidir con el Titular de los Datos.<\/p>\n<h4>Titular de los datos<\/h4>\n<p>La persona f\u00edsica a la que se refieren los Datos Personales.<\/p>\n<h4>Encargado del Tratamiento (o Supervisor de Datos)<\/h4>\n<p>La persona f\u00edsica o jur\u00eddica, autoridad p\u00fablica, agencia u otro organismo que procese Datos Personales en nombre del Responsable del Tratamiento, tal y como se describe en esta pol\u00edtica de privacidad.<\/p>\n<h4>Responsable del tratamiento de datos (o Titular)<\/h4>\n<p>La persona f\u00edsica o jur\u00eddica, autoridad p\u00fablica, agencia u otro organismo que, solo o junto con otros, determine los fines y medios del tratamiento de Datos Personales, incluyendo las medidas de seguridad relativas al funcionamiento y uso de esta Aplicaci\u00f3n. El Responsable del Tratamiento, salvo que se especifique lo contrario, es el Titular de esta Aplicaci\u00f3n.<\/p>\n<h4>Esta aplicaci\u00f3n<\/h4>\n<p>El medio a trav\u00e9s del cual se recogen y tratan los Datos Personales del Usuario.<\/p>\n<h4>Servicio<\/h4>\n<p>El servicio proporcionado por esta Aplicaci\u00f3n tal y como se describe en los t\u00e9rminos relativos (si est\u00e1n disponibles) y en este sitio\/aplicaci\u00f3n.<\/p>\n<h4>Uni\u00f3n Europea (o UE)<\/h4>\n<p>Salvo que se especifique lo contrario, todas las referencias hechas en este documento a la Uni\u00f3n Europea incluyen todos los actuales Estados miembros de la Uni\u00f3n Europea y del Espacio Econ\u00f3mico Europeo.<\/p>\n<h4>Galletas<\/h4>\n<p>Peque\u00f1os conjuntos de datos almacenados en el dispositivo del Usuario.<\/p>\n<h4>Informaci\u00f3n legal<\/h4>\n<p>Esta pol\u00edtica de privacidad se ha elaborado con base en las disposiciones de diversas legislaciones, incluyendo los art\u00edculos 13 y 14 del Reglamento (UE) 2016\/679 (Reglamento General de Protecci\u00f3n de Datos). Esta pol\u00edtica de privacidad se refiere \u00fanicamente a esta Aplicaci\u00f3n, salvo que se indique lo contrario en este documento.<\/p>\n<p>\u00daltima actualizaci\u00f3n: 9 de mayo de 2025<\/p>\n<\/div><\/div><\/div><\/div><\/div><\/div><\/section><!-- \/wp:post-content -->","protected":false},"excerpt":{"rendered":"","protected":false},"author":1,"featured_media":0,"parent":0,"menu_order":0,"comment_status":"closed","ping_status":"open","template":"","meta":{"_acf_changed":false,"footnotes":""},"class_list":["post-3","page","type-page","status-publish","hentry"],"acf":[],"_links":{"self":[{"href":"https:\/\/www.100valve.com\/es\/wp-json\/wp\/v2\/pages\/3","targetHints":{"allow":["GET"]}}],"collection":[{"href":"https:\/\/www.100valve.com\/es\/wp-json\/wp\/v2\/pages"}],"about":[{"href":"https:\/\/www.100valve.com\/es\/wp-json\/wp\/v2\/types\/page"}],"author":[{"embeddable":true,"href":"https:\/\/www.100valve.com\/es\/wp-json\/wp\/v2\/users\/1"}],"replies":[{"embeddable":true,"href":"https:\/\/www.100valve.com\/es\/wp-json\/wp\/v2\/comments?post=3"}],"version-history":[{"count":0,"href":"https:\/\/www.100valve.com\/es\/wp-json\/wp\/v2\/pages\/3\/revisions"}],"wp:attachment":[{"href":"https:\/\/www.100valve.com\/es\/wp-json\/wp\/v2\/media?parent=3"}],"curies":[{"name":"wp","href":"https:\/\/api.w.org\/{rel}","templated":true}]}}