{"id":1023,"date":"2025-11-24T15:50:05","date_gmt":"2025-11-24T07:50:05","guid":{"rendered":"https:\/\/www.100valve.com\/?page_id=1023"},"modified":"2025-11-28T09:46:24","modified_gmt":"2025-11-28T01:46:24","slug":"products","status":"publish","type":"page","link":"https:\/\/www.100valve.com\/nb\/products\/","title":{"rendered":"Produkter"},"content":{"rendered":"<section class=\"l-section wpb_row height_auto color_alternate\"><div class=\"l-section-h i-cf\"><div class=\"g-cols vc_row via_grid cols_1 laptops-cols_inherit tablets-cols_inherit mobiles-cols_1 valign_top type_default stacking_default\"><div class=\"wpb_column vc_column_container\"><div class=\"vc_column-inner\"><section class=\"l-section wpb_row height_auto color_alternate\"><div class=\"l-section-h i-cf\"><div class=\"g-cols vc_row via_grid cols_3 laptops-cols_inherit tablets-cols_inherit mobiles-cols_1 valign_top type_boxes stacking_default\" style=\"--columns-gap:0rem;\"><div class=\"wpb_column vc_column_container us_custom_f505e561\"><div class=\"vc_column-inner\"><div class=\"w-grid us_term_list type_grid layout_1269 cols_1 overflow_hidden preload_style_spinner\" id=\"us_grid_z5f6\" style=\"--columns:1;--gap:0rem;\"><style>.layout_1269 .w-grid-item-h{}.layout_1269 .usg_post_title_1{margin-top:15px!important;margin-bottom:15px!important}<\/style><div class=\"w-grid-list\">\t<div class=\"w-grid-item type_term term-4 term-marine-offshore-aqua ratio_1x1\">\r\n\t\t<div class=\"w-grid-item-h\">\r\n\t\t\t\t\t\t<h5 class=\"w-post-elm post_title usg_post_title_1 entry-title color_link_inherit\"><a href=\"https:\/\/www.100valve.com\/nb\/products_category\/marine-offshore-aqua\/\">Marin og offshore og akvakultur<\/a><\/h5><div class=\"w-post-elm post_content usg_post_content_1\">Ventiler gir korrosjonsbestandig v\u00e6skekontroll for marint utstyr og akvakultur, og sikrer stabil medieoverf\u00f8ring.<\/div>\t\t<\/div>\r\n\t\t\t<\/div>\r\n<\/div><\/div><div class=\"w-separator size_small\"><\/div><div class=\"w-html us_custom_ffd941c1\">\t<li class=\"cat-item cat-item-16\"><a href=\"https:\/\/www.100valve.com\/nb\/products_category\/ball-valves-marine-offshore-aqua\/\">Kuleventiler<\/a>\n<\/li>\n\t<li class=\"cat-item cat-item-17\"><a href=\"https:\/\/www.100valve.com\/nb\/products_category\/butterfly-valves-marine-offshore-aqua\/\">Butterflyventiler<\/a>\n<\/li>\n\t<li class=\"cat-item cat-item-18\"><a href=\"https:\/\/www.100valve.com\/nb\/products_category\/check-valves-marine-offshore-aqua\/\">Tilbakeslagsventiler<\/a>\n<\/li>\n\t<li class=\"cat-item cat-item-23\"><a href=\"https:\/\/www.100valve.com\/nb\/products_category\/emergency-shut-off-valves\/\">N\u00f8davstengningsventiler<\/a>\n<\/li>\n\t<li class=\"cat-item cat-item-24\"><a href=\"https:\/\/www.100valve.com\/nb\/products_category\/globe-hose-valves\/\">Kuleslangeventiler<\/a>\n<\/li>\n\t<li class=\"cat-item cat-item-19\"><a href=\"https:\/\/www.100valve.com\/nb\/products_category\/globe-valves-marine-offshore-aqua\/\">Kuleventiler<\/a>\n<\/li>\n\t<li class=\"cat-item cat-item-25\"><a href=\"https:\/\/www.100valve.com\/nb\/products_category\/jis-bronze-strainer\/\">JIS bronsefilter<\/a>\n<\/li>\n\t<li class=\"cat-item cat-item-26\"><a href=\"https:\/\/www.100valve.com\/nb\/products_category\/jis-check-valves\/\">JIS-tilbakeslagsventiler<\/a>\n<\/li>\n\t<li class=\"cat-item cat-item-27\"><a href=\"https:\/\/www.100valve.com\/nb\/products_category\/jis-gate-valves\/\">JIS-portventiler<\/a>\n<\/li>\n\t<li class=\"cat-item cat-item-28\"><a href=\"https:\/\/www.100valve.com\/nb\/products_category\/jis-globe-valves\/\">JIS kuleventiler<\/a>\n<\/li>\n\t<li class=\"cat-item cat-item-29\"><a href=\"https:\/\/www.100valve.com\/nb\/products_category\/jis-shipbuilding-can-water-filter\/\">JIS skipsbyggingsboks vannfilter<\/a>\n<\/li>\n\t<li class=\"cat-item cat-item-30\"><a href=\"https:\/\/www.100valve.com\/nb\/products_category\/jis-storm-valves\/\">JIS stormventiler<\/a>\n<\/li>\n\t<li class=\"cat-item cat-item-20\"><a href=\"https:\/\/www.100valve.com\/nb\/products_category\/metal-seated-gate-valves-marine-offshore-aqua\/\">Metallsittende sluseventiler<\/a>\n<\/li>\n\t<li class=\"cat-item cat-item-21\"><a href=\"https:\/\/www.100valve.com\/nb\/products_category\/storm-valves\/\">Stormventiler<\/a>\n<\/li>\n\t<li class=\"cat-item cat-item-22\"><a href=\"https:\/\/www.100valve.com\/nb\/products_category\/strainers-marine-offshore-aqua\/\">Siler<\/a>\n<\/li>\n<\/div><\/div><\/div><div class=\"wpb_column vc_column_container us_custom_f505e561\"><div class=\"vc_column-inner\"><div class=\"w-grid us_term_list type_grid layout_1269 cols_1 overflow_hidden preload_style_spinner\" id=\"us_grid_p579\" style=\"--columns:1;--gap:0rem;\"><div class=\"w-grid-list\">\t<div class=\"w-grid-item type_term term-5 term-water-water-treatment ratio_1x1\">\r\n\t\t<div class=\"w-grid-item-h\">\r\n\t\t\t\t\t\t<h5 class=\"w-post-elm post_title usg_post_title_1 entry-title color_link_inherit\"><a href=\"https:\/\/www.100valve.com\/nb\/products_category\/water-water-treatment\/\">Vann og vannbehandling<\/a><\/h5><div class=\"w-post-elm post_content usg_post_content_1\">Ventiler er n\u00f8kkelutstyr i hele vannbehandlingsprosessen, og muliggj\u00f8r kontroll av vannp\u00e5\/av, str\u00f8mningsregulering og forebygging av tilbakestr\u00f8mning.<\/div>\t\t<\/div>\r\n\t\t\t<\/div>\r\n<\/div><\/div><div class=\"w-separator size_small\"><\/div><div class=\"w-html us_custom_ffd941c1\">\t<li class=\"cat-item cat-item-31\"><a href=\"https:\/\/www.100valve.com\/nb\/products_category\/air-valves\/\">Luftventiler<\/a>\n<\/li>\n\t<li class=\"cat-item cat-item-32\"><a href=\"https:\/\/www.100valve.com\/nb\/products_category\/balancing-valves\/\">Balanseringsventiler<\/a>\n<\/li>\n\t<li class=\"cat-item cat-item-33\"><a href=\"https:\/\/www.100valve.com\/nb\/products_category\/ball-valves-water-water-treatment\/\">Kuleventiler<\/a>\n<\/li>\n\t<li class=\"cat-item cat-item-34\"><a href=\"https:\/\/www.100valve.com\/nb\/products_category\/butterfly-valves-water-water-treatment\/\">Butterflyventiler<\/a>\n<\/li>\n\t<li class=\"cat-item cat-item-35\"><a href=\"https:\/\/www.100valve.com\/nb\/products_category\/check-valves-water-water-treatment\/\">Tilbakeslagsventiler<\/a>\n<\/li>\n\t<li class=\"cat-item cat-item-36\"><a href=\"https:\/\/www.100valve.com\/nb\/products_category\/globe-valves-water-water-treatment\/\">Kuleventiler<\/a>\n<\/li>\n\t<li class=\"cat-item cat-item-37\"><a href=\"https:\/\/www.100valve.com\/nb\/products_category\/metal-seated-gate-valves-water-water-treatment\/\">Metallsittende sluseventiler<\/a>\n<\/li>\n\t<li class=\"cat-item cat-item-38\"><a href=\"https:\/\/www.100valve.com\/nb\/products_category\/resilient-seat-gate-valves\/\">Elastiske seteventiler<\/a>\n<\/li>\n\t<li class=\"cat-item cat-item-39\"><a href=\"https:\/\/www.100valve.com\/nb\/products_category\/strainers-water-water-treatment\/\">Siler<\/a>\n<\/li>\n<\/div><\/div><\/div><div class=\"wpb_column vc_column_container\"><div class=\"vc_column-inner\"><div class=\"w-grid us_term_list type_grid layout_1269 cols_1 overflow_hidden preload_style_spinner\" id=\"us_grid_kcea\" style=\"--columns:1;--gap:0rem;\"><div class=\"w-grid-list\">\t<div class=\"w-grid-item type_term term-3 term-industry ratio_1x1\">\r\n\t\t<div class=\"w-grid-item-h\">\r\n\t\t\t\t\t\t<h5 class=\"w-post-elm post_title usg_post_title_1 entry-title color_link_inherit\"><a href=\"https:\/\/www.100valve.com\/nb\/products_category\/industry\/\">industri<\/a><\/h5><div class=\"w-post-elm post_content usg_post_content_1\">Ventiler er sentrale kontrollkomponenter i industrielle systemer, og er ansvarlige for v\u00e6skeregulering, avstengning og sikkerhetsbeskyttelse.<\/div>\t\t<\/div>\r\n\t\t\t<\/div>\r\n<\/div><\/div><div class=\"w-separator size_small\"><\/div><div class=\"w-html us_custom_ffd941c1\">\t<li class=\"cat-item cat-item-6\"><a href=\"https:\/\/www.100valve.com\/nb\/products_category\/ball-valves\/\">Kuleventiler<\/a>\n<\/li>\n\t<li class=\"cat-item cat-item-7\"><a href=\"https:\/\/www.100valve.com\/nb\/products_category\/butterfly-valves\/\">Butterflyventiler<\/a>\n<\/li>\n\t<li class=\"cat-item cat-item-8\"><a href=\"https:\/\/www.100valve.com\/nb\/products_category\/check-valves\/\">Tilbakeslagsventiler<\/a>\n<\/li>\n\t<li class=\"cat-item cat-item-9\"><a href=\"https:\/\/www.100valve.com\/nb\/products_category\/diaphragm-valves\/\">Membranventiler<\/a>\n<\/li>\n\t<li class=\"cat-item cat-item-10\"><a href=\"https:\/\/www.100valve.com\/nb\/products_category\/globe-valves\/\">Kuleventiler<\/a>\n<\/li>\n\t<li class=\"cat-item cat-item-11\"><a href=\"https:\/\/www.100valve.com\/nb\/products_category\/knife-gate-valves\/\">Knivportventiler<\/a>\n<\/li>\n\t<li class=\"cat-item cat-item-12\"><a href=\"https:\/\/www.100valve.com\/nb\/products_category\/metal-seated-gate-valves\/\">Metallsittende sluseventiler<\/a>\n<\/li>\n\t<li class=\"cat-item cat-item-13\"><a href=\"https:\/\/www.100valve.com\/nb\/products_category\/pinch-valves\/\">Klemmeventiler<\/a>\n<\/li>\n\t<li class=\"cat-item cat-item-14\"><a href=\"https:\/\/www.100valve.com\/nb\/products_category\/ptfe-butterfly-valves\/\">PTFE-svampventiler<\/a>\n<\/li>\n\t<li class=\"cat-item cat-item-15\"><a href=\"https:\/\/www.100valve.com\/nb\/products_category\/strainers\/\">Siler<\/a>\n<\/li>\n<\/div><\/div><\/div><\/div><\/div><\/section>\n<\/div><\/div><\/div><\/div><\/section>","protected":false},"excerpt":{"rendered":"","protected":false},"author":1,"featured_media":0,"parent":0,"menu_order":0,"comment_status":"closed","ping_status":"closed","template":"","meta":{"_acf_changed":false,"footnotes":""},"class_list":["post-1023","page","type-page","status-publish","hentry"],"acf":[],"_links":{"self":[{"href":"https:\/\/www.100valve.com\/nb\/wp-json\/wp\/v2\/pages\/1023","targetHints":{"allow":["GET"]}}],"collection":[{"href":"https:\/\/www.100valve.com\/nb\/wp-json\/wp\/v2\/pages"}],"about":[{"href":"https:\/\/www.100valve.com\/nb\/wp-json\/wp\/v2\/types\/page"}],"author":[{"embeddable":true,"href":"https:\/\/www.100valve.com\/nb\/wp-json\/wp\/v2\/users\/1"}],"replies":[{"embeddable":true,"href":"https:\/\/www.100valve.com\/nb\/wp-json\/wp\/v2\/comments?post=1023"}],"version-history":[{"count":0,"href":"https:\/\/www.100valve.com\/nb\/wp-json\/wp\/v2\/pages\/1023\/revisions"}],"wp:attachment":[{"href":"https:\/\/www.100valve.com\/nb\/wp-json\/wp\/v2\/media?parent=1023"}],"curies":[{"name":"wp","href":"https:\/\/api.w.org\/{rel}","templated":true}]}}