{"id":3,"date":"2025-11-04T15:44:52","date_gmt":"2025-11-04T07:44:52","guid":{"rendered":"https:\/\/www.100valve.com\/?page_id=3"},"modified":"2025-11-13T08:33:00","modified_gmt":"2025-11-13T00:33:00","slug":"privacy-policy","status":"publish","type":"page","link":"https:\/\/www.100valve.com\/nb\/privacy-policy\/","title":{"rendered":"Personvernerkl\u00e6ring"},"content":{"rendered":"<section class=\"l-section wpb_row height_large width_custom\" style=\"--site-content-width:970px;\"><div class=\"l-section-h i-cf\"><div class=\"g-cols vc_row via_grid cols_1 laptops-cols_inherit tablets-cols_inherit mobiles-cols_1 valign_top type_default stacking_default\"><div class=\"wpb_column vc_column_container\"><div class=\"vc_column-inner\"><h1 class=\"w-post-elm post_title entry-title color_link_inherit\">Personvernerkl\u00e6ring<\/h1><div class=\"wpb_text_column\"><div class=\"wpb_wrapper\"><p>Denne applikasjonen samler inn noen personopplysninger fra brukerne sine.<\/p>\n<h2>Typer data som samles inn<\/h2>\n<p>Blant de typene personopplysninger som denne applikasjonen samler inn, enten selv eller gjennom tredjeparter, er: fornavn, etternavn, e-postadresse, brukernavn, ulike typer data, informasjonskapsler og bruksdata. Fullstendige detaljer om hver type personopplysninger som samles inn, finnes i de dedikerte delene av denne personvernerkl\u00e6ringen eller i spesifikke forklarende tekster som vises f\u00f8r datainnsamlingen.<br \/>Personopplysninger kan gis fritt av brukeren, eller, i tilfelle bruksdata, samles inn automatisk n\u00e5r denne applikasjonen brukes.<br \/>Med mindre annet er spesifisert, er alle data som ettersp\u00f8rres av denne applikasjonen obligatoriske, og unnlatelse av \u00e5 oppgi disse dataene kan gj\u00f8re det umulig for denne applikasjonen \u00e5 tilby sine tjenester. I tilfeller der denne applikasjonen spesifikt angir at noen data ikke er obligatoriske, st\u00e5r brukerne fritt til ikke \u00e5 oppgi disse dataene uten konsekvenser for tilgjengeligheten eller funksjonen til tjenesten.<br \/>Brukere som er usikre p\u00e5 hvilke personopplysninger som er obligatoriske, er velkomne til \u00e5 kontakte eieren.<br \/>All bruk av informasjonskapsler \u2013 eller andre sporingsverkt\u00f8y \u2013 av denne applikasjonen eller av eierne av tredjepartstjenester som brukes av denne applikasjonen, tjener til \u00e5 levere tjenesten som brukeren ettersp\u00f8r, i tillegg til andre form\u00e5l beskrevet i dette dokumentet og i retningslinjene for informasjonskapsler, hvis tilgjengelig. Brukere er ansvarlige for eventuelle tredjeparts personopplysninger som innhentes, publiseres eller deles gjennom denne applikasjonen, og bekrefter at de har tredjepartens samtykke til \u00e5 gi dataene til eieren.<\/p>\n<h2>Metode og sted for behandling av dataene<\/h2>\n<h3>Metoder for behandling<\/h3>\n<p>Eieren tar passende sikkerhetstiltak for \u00e5 forhindre uautorisert tilgang, avsl\u00f8ring, endring eller uautorisert \u00f8deleggelse av Dataene.<br \/>Databehandlingen utf\u00f8res ved hjelp av datamaskiner og\/eller IT-aktiverte verkt\u00f8y, i henhold til organisatoriske prosedyrer og metoder som er strengt knyttet til de angitte form\u00e5lene. I tillegg til eieren kan dataene i noen tilfeller v\u00e6re tilgjengelige for visse typer ansvarlige personer involvert i driften av denne applikasjonen (administrasjon, salg, markedsf\u00f8ring, juridisk, systemadministrasjon) eller eksterne parter (som tredjeparts tekniske tjenesteleverand\u00f8rer, postbude, hostingleverand\u00f8rer, IT-selskaper, kommunikasjonsbyr\u00e5er) som om n\u00f8dvendig er utnevnt som databehandlere av eieren. En oppdatert liste over disse partene kan n\u00e5r som helst foresp\u00f8rres fra eieren.<\/p>\n<h3>Rettslig grunnlag for behandling<\/h3>\n<p>Eieren kan behandle personopplysninger knyttet til brukere dersom ett av f\u00f8lgende gjelder: Brukere har gitt sitt samtykke til ett eller flere spesifikke form\u00e5l. Merk: I henhold til noen lovgivninger kan Eieren ha tillatelse til \u00e5 behandle personopplysninger inntil brukeren motsetter seg slik behandling (\u201copt-out\u201d), uten \u00e5 m\u00e5tte stole p\u00e5 samtykke eller noe annet av f\u00f8lgende rettslige grunnlag. Dette gjelder imidlertid ikke n\u00e5r behandlingen av personopplysninger er underlagt europeisk personvernlovgivning; utlevering av data er n\u00f8dvendig for \u00e5 oppfylle en avtale med brukeren og\/eller for eventuelle forpliktelser f\u00f8r kontraktsinng\u00e5else; behandling er n\u00f8dvendig for \u00e5 overholde en rettslig forpliktelse som Eieren er underlagt; behandling er knyttet til en oppgave som utf\u00f8res i offentlig interesse eller i ut\u00f8velse av offentlig myndighet som er gitt Eieren; behandling er n\u00f8dvendig for \u00e5 ivareta legitime interesser som forf\u00f8lges av Eieren eller av en tredjepart. Uansett vil Eieren gjerne hjelpe til med \u00e5 avklare det spesifikke rettslige grunnlaget som gjelder for behandlingen, og spesielt om utlevering av personopplysninger er et lovbestemt eller kontraktsmessig krav, eller et krav som er n\u00f8dvendig for \u00e5 inng\u00e5 en kontrakt.<\/p>\n<h3>Sted<\/h3>\n<p>Dataene behandles p\u00e5 eierens driftskontorer og p\u00e5 andre steder der partene som er involvert i behandlingen befinner seg.<\/p>\n<p>Avhengig av brukerens beliggenhet kan dataoverf\u00f8ringer inneb\u00e6re overf\u00f8ring av brukerens data til et annet land enn sitt eget. For \u00e5 finne ut mer om behandlingsstedet for slike overf\u00f8rte data, kan brukerne sjekke delen som inneholder detaljer om behandling av personopplysninger. Brukere har ogs\u00e5 rett til \u00e5 l\u00e6re om det juridiske grunnlaget for dataoverf\u00f8ringer til et land utenfor EU eller til enhver internasjonal organisasjon som er underlagt folkeretten eller opprettet av to eller flere land, for eksempel FN, og om sikkerhetstiltakene som eieren har tatt for \u00e5 beskytte dataene deres.<\/p>\n<p>Hvis en slik overf\u00f8ring finner sted, kan brukere finne ut mer ved \u00e5 sjekke de relevante delene av dette dokumentet eller kontakte eieren ved \u00e5 bruke informasjonen i kontaktdelen.<\/p>\n<h3>Oppbevaringstid<\/h3>\n<p>Personopplysninger skal behandles og lagres s\u00e5 lenge det er n\u00f8dvendig for form\u00e5let de er samlet inn for. Derfor: Personopplysninger som er samlet inn for form\u00e5l knyttet til oppfyllelse av en kontrakt mellom Eieren og Brukeren, skal oppbevares inntil kontrakten er fullstendig oppfylt. Personopplysninger som er samlet inn for \u00e5 ivareta Eierens legitime interesser, skal oppbevares s\u00e5 lenge det er n\u00f8dvendig for \u00e5 oppfylle slike form\u00e5l. Brukere kan finne spesifikk informasjon om de legitime interessene som Eieren forf\u00f8lger i de relevante delene av dette dokumentet eller ved \u00e5 kontakte Eieren. Eieren kan f\u00e5 tillatelse til \u00e5 oppbevare personopplysninger i en lengre periode n\u00e5r Brukeren har gitt samtykke til slik behandling, s\u00e5 lenge samtykket ikke trekkes tilbake. Videre kan Eieren v\u00e6re forpliktet til \u00e5 oppbevare personopplysninger i en lengre periode n\u00e5r det er n\u00f8dvendig for \u00e5 oppfylle en rettslig forpliktelse eller etter ordre fra en myndighet.<\/p>\n<p>N\u00e5r oppbevaringsperioden utl\u00f8per, skal personopplysninger slettes. Derfor kan ikke retten til innsyn, retten til sletting, retten til retting og retten til dataportabilitet h\u00e5ndheves etter at oppbevaringsperioden er utl\u00f8pt.<\/p>\n<h2>Form\u00e5lene med behandlingen<\/h2>\n<p>Data om brukeren samles inn for at eieren skal kunne tilby sine tjenester, samt for f\u00f8lgende form\u00e5l: Administrering av support- og kontaktforesp\u00f8rsler, Kontakt av brukeren, Registrering og autentisering, Trafikkoptimalisering og distribusjon, Visning av innhold fra eksterne plattformer, Analyse og Administrering av kontakter og sending av meldinger. Brukere finner ytterligere detaljert informasjon om slike behandlingsform\u00e5l og om de spesifikke personopplysningene som brukes for hvert form\u00e5l i de respektive delene av dette dokumentet.<\/p>\n<h2>Detaljert informasjon om behandling av personopplysninger<\/h2>\n<p>Personopplysninger samles inn for f\u00f8lgende form\u00e5l og ved bruk av f\u00f8lgende tjenester:<\/p>\n<h3>Analyse<\/h3>\n<p>Tjenestene i denne delen gj\u00f8r det mulig for eieren \u00e5 overv\u00e5ke og analysere nettrafikk, og kan brukes til \u00e5 spore brukeratferd.<\/p>\n<h4>Google Analytics (Google Inc.)<\/h4>\n<p>Google Analytics er en nettanalysetjeneste levert av Google Inc. (\u201cGoogle\u201d). Google bruker dataene som samles inn til \u00e5 spore og unders\u00f8ke bruken av denne applikasjonen, til \u00e5 utarbeide rapporter om aktivitetene sine og dele dem med andre Google-tjenester.<br \/>Google kan bruke dataene som samles inn til \u00e5 kontekstualisere og tilpasse annonsene i sitt eget annonsenettverk. Personopplysninger som samles inn: Informasjonskapsler og bruksdata. Behandlingssted: USA \u2013\u00a0<a href=\"https:\/\/www.google.com\/intl\/en\/policies\/privacy\/\" target=\"_blank\" rel=\"noopener noreferrer\">Personvernerkl\u00e6ring<\/a>\u00a0\u2013\u00a0<a href=\"https:\/\/tools.google.com\/dlpage\/gaoptout?hl=en\" target=\"_blank\" rel=\"noopener\">Velg bort<\/a>.<\/p>\n<h3>Kontakte brukeren<\/h3>\n<h4>Kontaktskjema<\/h4>\n<p>Ved \u00e5 fylle ut kontaktskjemaet med sine data, gir brukeren denne applikasjonen tillatelse til \u00e5 bruke disse opplysningene til \u00e5 svare p\u00e5 foresp\u00f8rsler om informasjon, tilbud eller andre typer foresp\u00f8rsler som angitt i skjemaets overskrift. Personopplysninger som samles inn: e-postadresse, fornavn og etternavn.<\/p>\n<h4>E-postliste eller nyhetsbrev<\/h4>\n<p>Ved \u00e5 registrere deg p\u00e5 e-postlisten eller for nyhetsbrevet, vil brukerens e-postadresse bli lagt til i kontaktlisten til de som kan motta e-postmeldinger som inneholder informasjon av kommersiell eller reklamemessig art ang\u00e5ende denne applikasjonen. Din e-postadresse kan ogs\u00e5 bli lagt til i denne listen som f\u00f8lge av at du registrerer deg for denne applikasjonen eller etter at du har foretatt et kj\u00f8p. Personopplysninger som samles inn: e-postadresse.<\/p>\n<h3>Vise innhold fra eksterne plattformer<\/h3>\n<p>Denne typen tjeneste lar deg se innhold som er lagret p\u00e5 eksterne plattformer direkte fra sidene i denne applikasjonen og samhandle med dem.<br \/>Denne typen tjeneste kan fortsatt samle inn nettrafikkdata for sidene der tjenesten er installert, selv n\u00e5r brukere ikke bruker den.<\/p>\n<h3>Administrere kontakter og sende meldinger<\/h3>\n<p>Denne typen tjeneste gj\u00f8r det mulig \u00e5 administrere en database med e-postkontakter, telefonkontakter eller annen kontaktinformasjon for \u00e5 kommunisere med brukeren.<br \/>Disse tjenestene kan ogs\u00e5 samle inn data om dato og klokkeslett da brukeren s\u00e5 meldingen, samt n\u00e5r brukeren samhandlet med den, for eksempel ved \u00e5 klikke p\u00e5 lenker som er inkludert i meldingen.<\/p>\n<h3>Administrere st\u00f8tte- og kontaktforesp\u00f8rsler<\/h3>\n<p>Denne typen tjeneste lar denne applikasjonen administrere st\u00f8tte- og kontaktforesp\u00f8rsler mottatt via e-post eller p\u00e5 andre m\u00e5ter, for eksempel kontaktskjemaet.<br \/>Personopplysningene som behandles avhenger av informasjonen som brukeren oppgir i meldingene og kommunikasjonsmidlene som brukes (f.eks. e-postadresse).<\/p>\n<h4>Direkte registrering (denne s\u00f8knaden)<\/h4>\n<p>Brukeren registrerer seg ved \u00e5 fylle ut registreringsskjemaet og oppgi personopplysningene direkte til denne applikasjonen. Personopplysninger som samles inn: e-postadresse, brukernavn og ulike typer data.<\/p>\n<h3>Trafikkoptimalisering og distribusjon<\/h3>\n<p>Denne typen tjeneste lar denne applikasjonen distribuere innholdet sitt ved hjelp av servere plassert i forskjellige land og optimalisere ytelsen.<br \/>Hvilke personopplysninger som behandles avhenger av tjenestenes egenskaper og hvordan de implementeres. Deres funksjon er \u00e5 filtrere kommunikasjon mellom denne applikasjonen og brukerens nettleser.<br \/>Med tanke p\u00e5 den utbredte distribusjonen av dette systemet, er det vanskelig \u00e5 fastsl\u00e5 hvor innholdet som kan inneholde personopplysninger fra brukeren overf\u00f8res.<\/p>\n<h2>Ytterligere informasjon om personopplysninger<\/h2>\n<h2>Brukernes rettigheter<\/h2>\n<p>Brukere kan ut\u00f8ve visse rettigheter ang\u00e5ende dataene som behandles av eieren. Brukere har spesielt rett til \u00e5 gj\u00f8re f\u00f8lgende:<span>\u00a0<\/span><strong>Trekke tilbake samtykket sitt n\u00e5r som helst.<\/strong>\u00a0Brukere har rett til \u00e5 trekke tilbake samtykke der de tidligere har gitt samtykke til behandling av deres personopplysninger.<span>\u00a0<\/span><strong>Protestere mot behandling av deres data.<\/strong>\u00a0Brukere har rett til \u00e5 protestere mot behandlingen av dataene deres dersom behandlingen utf\u00f8res p\u00e5 et annet rettslig grunnlag enn samtykke. Ytterligere detaljer finnes i den dedikerte delen nedenfor.<span>\u00a0<\/span><strong>F\u00e5 tilgang til dataene deres.<\/strong>\u00a0Brukere har rett til \u00e5 f\u00e5 vite om data behandles av eieren, f\u00e5 innsyn i visse aspekter ved behandlingen og f\u00e5 en kopi av dataene som behandles.<span>\u00a0<\/span><strong>Bekreft og be om rettelse.<\/strong>\u00a0Brukere har rett til \u00e5 bekrefte n\u00f8yaktigheten av dataene sine og be om at de oppdateres eller korrigeres.<span>\u00a0<\/span><strong>Begrense behandlingen av deres data.<\/strong>\u00a0Brukere har rett til, under visse omstendigheter, \u00e5 begrense behandlingen av sine data. I dette tilfellet vil ikke eieren behandle dataene deres til noe annet form\u00e5l enn \u00e5 lagre dem.<span>\u00a0<\/span><strong>F\u00e5 sine personopplysninger slettet eller fjernet p\u00e5 annen m\u00e5te.<\/strong>\u00a0Brukere har rett til, under visse omstendigheter, \u00e5 f\u00e5 slettet sine data fra eieren.<span>\u00a0<\/span><strong>Motta dataene deres og f\u00e5 dem overf\u00f8rt til en annen behandlingsansvarlig.<\/strong>\u00a0Brukere har rett til \u00e5 motta sine data i et strukturert, vanlig brukt og maskinlesbart format, og, hvis det er teknisk mulig, til \u00e5 f\u00e5 dem overf\u00f8rt til en annen behandlingsansvarlig uten hindring. Denne bestemmelsen gjelder forutsatt at dataene behandles automatisert og at behandlingen er basert p\u00e5 brukerens samtykke, p\u00e5 en kontrakt som brukeren er en del av eller p\u00e5 forpliktelser f\u00f8r kontraktsinng\u00e5else.<span>\u00a0<\/span><strong>Send inn en klage.<\/strong>\u00a0Brukere har rett til \u00e5 fremme et krav til sin kompetente databeskyttelsesmyndighet.<\/p>\n<h3>Detaljer om retten til \u00e5 protestere mot behandling<\/h3>\n<p>Der personopplysninger behandles i offentlig interesse, i ut\u00f8velse av offentlig myndighet som er gitt til eieren, eller for \u00e5 ivareta legitime interesser som eieren forf\u00f8lger, kan brukere protestere mot slik behandling ved \u00e5 oppgi en begrunnelse knyttet til deres spesielle situasjon for \u00e5 begrunne innsigelsen. Brukere m\u00e5 imidlertid v\u00e6re klar over at dersom deres personopplysninger behandles for direkte markedsf\u00f8ringsform\u00e5l, kan de n\u00e5r som helst protestere mot behandlingen uten \u00e5 oppgi noen begrunnelse. For \u00e5 finne ut om eieren behandler personopplysninger for direkte markedsf\u00f8ringsform\u00e5l, kan brukere se de relevante delene av dette dokumentet.<\/p>\n<h3>Hvordan ut\u00f8ve disse rettighetene<\/h3>\n<p>Eventuelle foresp\u00f8rsler om \u00e5 ut\u00f8ve brukerrettigheter kan rettes til eieren via kontaktinformasjonen som er oppgitt i dette dokumentet. Disse foresp\u00f8rslene kan ut\u00f8ves kostnadsfritt og vil bli behandlet av eieren s\u00e5 tidlig som mulig og alltid innen \u00e9n m\u00e5ned.<\/p>\n<h2>Informasjonskapsler<\/h2>\n<p>Denne applikasjonen bruker informasjonskapsler.<\/p>\n<h2>Ytterligere informasjon om datainnsamling og -behandling<\/h2>\n<h3>Rettslige skritt<\/h3>\n<p>Brukerens personopplysninger kan bli brukt til juridiske form\u00e5l av eieren i retten eller i stadiene som f\u00f8rer til mulige rettslige skritt som f\u00f8lge av feil bruk av denne applikasjonen eller de relaterte tjenestene.<br \/>Brukeren erkl\u00e6rer \u00e5 v\u00e6re klar over at Eieren kan bli p\u00e5lagt \u00e5 utlevere personopplysninger p\u00e5 foresp\u00f8rsel fra offentlige myndigheter.<\/p>\n<h3>Ytterligere informasjon om brukerens personopplysninger<\/h3>\n<p>I tillegg til informasjonen i denne personvernerkl\u00e6ringen, kan denne applikasjonen gi brukeren ytterligere og kontekstuell informasjon om bestemte tjenester eller innsamling og behandling av personopplysninger p\u00e5 foresp\u00f8rsel.<\/p>\n<h3>Systemlogger og vedlikehold<\/h3>\n<p>For drifts- og vedlikeholdsform\u00e5l kan denne applikasjonen og eventuelle tredjepartstjenester samle inn filer som registrerer interaksjon med denne applikasjonen (systemlogger), og bruke andre personopplysninger (som IP-adressen) til dette form\u00e5let.<\/p>\n<h3>Informasjon som ikke finnes i denne policyen<\/h3>\n<p>Du kan n\u00e5r som helst be om mer informasjon om innsamling eller behandling av personopplysninger fra eieren. Se kontaktinformasjonen i begynnelsen av dette dokumentet.<\/p>\n<h3>Slik h\u00e5ndteres foresp\u00f8rsler om \u201cIkke spor\u201d<\/h3>\n<p>Denne applikasjonen st\u00f8tter ikke foresp\u00f8rsler om \u201cIkke spor\u201d.<br \/>For \u00e5 finne ut om noen av tredjepartstjenestene de bruker, respekterer \u201cIkke spor\u201d-foresp\u00f8rslene, kan du lese deres personvernregler.<\/p>\n<h3>Endringer i denne personvernerkl\u00e6ringen<\/h3>\n<p>Eieren forbeholder seg retten til \u00e5 gj\u00f8re endringer i denne personvernerkl\u00e6ringen n\u00e5r som helst ved \u00e5 varsle brukerne sine p\u00e5 denne siden og muligens i denne applikasjonen og\/eller \u2013 s\u00e5 langt det er teknisk og juridisk mulig \u2013 sende et varsel til brukerne via enhver kontaktinformasjon som er tilgjengelig for eieren. Det anbefales p\u00e5 det sterkeste \u00e5 sjekke denne siden ofte, og referere til datoen for siste endring som er oppf\u00f8rt nederst. Hvis en bruker protesterer mot noen av endringene i retningslinjene, m\u00e5 brukeren slutte \u00e5 bruke denne applikasjonen og kan be eieren om \u00e5 fjerne personopplysningene. Med mindre annet er angitt, gjelder den gjeldende personvernerkl\u00e6ringen for alle personopplysninger eieren har om brukere.<\/p>\n<h3>Definisjoner og juridiske referanser<\/h3>\n<h4>Personopplysninger (eller data)<\/h4>\n<p>All informasjon som direkte, indirekte eller i forbindelse med annen informasjon \u2013 inkludert et personlig identifikasjonsnummer \u2013 tillater identifisering eller identifiserbarhet av en fysisk person.<\/p>\n<h4>Bruksdata<\/h4>\n<p>Informasjon som samles inn automatisk gjennom denne applikasjonen (eller tredjepartstjenester som brukes i denne applikasjonen), som kan inkludere: IP-adressene eller domenenavnene til datamaskinene som brukes av brukerne som bruker denne applikasjonen, URI-adressene (Uniform Resource Identifier), tidspunktet for foresp\u00f8rselen, metoden som brukes for \u00e5 sende foresp\u00f8rselen til serveren, st\u00f8rrelsen p\u00e5 filen mottatt som svar, den numeriske koden som indikerer statusen til serverens svar (vellykket resultat, feil osv.), opprinnelsesland, funksjonene til nettleseren og operativsystemet som brukes av brukeren, de ulike tidsdetaljene per bes\u00f8k (f.eks. tiden brukt p\u00e5 hver side i applikasjonen) og detaljer om banen som f\u00f8lges i applikasjonen med spesiell henvisning til rekkef\u00f8lgen av bes\u00f8kte sider, og andre parametere om enhetens operativsystem og\/eller brukerens IT-milj\u00f8.<\/p>\n<h4>Bruker<\/h4>\n<p>Den enkelte som bruker denne applikasjonen, som, med mindre annet er spesifisert, sammenfaller med den registrerte.<\/p>\n<h4>Datasubjekt<\/h4>\n<p>Den fysiske personen som personopplysningene refererer til.<\/p>\n<h4>Databehandler (eller dataansvarlig)<\/h4>\n<p>Den fysiske eller juridiske personen, offentlige myndigheten, etaten eller annet organ som behandler personopplysninger p\u00e5 vegne av den behandlingsansvarlige, som beskrevet i denne personvernerkl\u00e6ringen.<\/p>\n<h4>Datakontroll\u00f8r (eller eier)<\/h4>\n<p>Den fysiske eller juridiske personen, offentlige myndigheten, etaten eller annet organ som, alene eller sammen med andre, bestemmer form\u00e5lene og midlene for behandling av personopplysninger, inkludert sikkerhetstiltakene knyttet til drift og bruk av denne applikasjonen. Med mindre annet er spesifisert, er den behandlingsansvarlige eieren av denne applikasjonen.<\/p>\n<h4>Denne applikasjonen<\/h4>\n<p>Midlene som brukerens personopplysninger samles inn og behandles p\u00e5.<\/p>\n<h4>Service<\/h4>\n<p>Tjenesten som tilbys av denne applikasjonen, er beskrevet i de relevante vilk\u00e5rene (hvis tilgjengelig) og p\u00e5 dette nettstedet\/denne applikasjonen.<\/p>\n<h4>Den europeiske union (eller EU)<\/h4>\n<p>Med mindre annet er spesifisert, omfatter alle referanser til EU i dette dokumentet alle n\u00e5v\u00e6rende medlemsstater i EU og Det europeiske \u00f8konomiske samarbeidsomr\u00e5det.<\/p>\n<h4>Informasjonskapsler<\/h4>\n<p>Sm\u00e5 datasett lagret p\u00e5 brukerens enhet.<\/p>\n<h4>Juridisk informasjon<\/h4>\n<p>Denne personvernerkl\u00e6ringen er utarbeidet basert p\u00e5 bestemmelser i flere lovgivninger, inkludert artikkel 13\/14 i forordning (EU) 2016\/679 (personvernforordningen). Denne personvernerkl\u00e6ringen gjelder utelukkende for denne applikasjonen, med mindre annet er angitt i dette dokumentet.<\/p>\n<p>Sist oppdatert: 9. mai 2025<\/p>\n<\/div><\/div><\/div><\/div><\/div><\/div><\/section><!-- \/wp:post-content -->","protected":false},"excerpt":{"rendered":"","protected":false},"author":1,"featured_media":0,"parent":0,"menu_order":0,"comment_status":"closed","ping_status":"open","template":"","meta":{"_acf_changed":false,"footnotes":""},"class_list":["post-3","page","type-page","status-publish","hentry"],"acf":[],"_links":{"self":[{"href":"https:\/\/www.100valve.com\/nb\/wp-json\/wp\/v2\/pages\/3","targetHints":{"allow":["GET"]}}],"collection":[{"href":"https:\/\/www.100valve.com\/nb\/wp-json\/wp\/v2\/pages"}],"about":[{"href":"https:\/\/www.100valve.com\/nb\/wp-json\/wp\/v2\/types\/page"}],"author":[{"embeddable":true,"href":"https:\/\/www.100valve.com\/nb\/wp-json\/wp\/v2\/users\/1"}],"replies":[{"embeddable":true,"href":"https:\/\/www.100valve.com\/nb\/wp-json\/wp\/v2\/comments?post=3"}],"version-history":[{"count":0,"href":"https:\/\/www.100valve.com\/nb\/wp-json\/wp\/v2\/pages\/3\/revisions"}],"wp:attachment":[{"href":"https:\/\/www.100valve.com\/nb\/wp-json\/wp\/v2\/media?parent=3"}],"curies":[{"name":"wp","href":"https:\/\/api.w.org\/{rel}","templated":true}]}}