{"id":31,"date":"2025-11-11T15:17:17","date_gmt":"2025-11-11T07:17:17","guid":{"rendered":"https:\/\/www.100valve.com\/?page_id=31"},"modified":"2026-01-19T15:52:53","modified_gmt":"2026-01-19T07:52:53","slug":"contact-us","status":"publish","type":"page","link":"https:\/\/www.100valve.com\/nb\/contact-us\/","title":{"rendered":"Kontakt oss"},"content":{"rendered":"<section class=\"l-section wpb_row us_custom_482f5f8b height_large color_alternate\"><div class=\"l-section-overlay\" style=\"background:linear-gradient(0deg, transparent 0%,rgba(0,0,0,0.4) 100%)\"><\/div><div class=\"l-section-h i-cf\"><div class=\"g-cols vc_row via_grid cols_1 laptops-cols_inherit tablets-cols_inherit mobiles-cols_1 valign_middle type_default stacking_default\"><div class=\"wpb_column vc_column_container us_custom_72668127\"><div class=\"vc_column-inner\"><h1 class=\"w-post-elm post_title entry-title color_link_inherit\">Kontakt oss<\/h1><h6 class=\"w-text\"><span class=\"w-text-h\"><span class=\"w-text-value\">Ta gjerne kontakt, s\u00e5 tar vi oss av dine sp\u00f8rsm\u00e5l og bekymringer.<\/span><\/span><\/h6><\/div><\/div><\/div><\/div><\/section><section class=\"l-section wpb_row us_custom_c58c2e23 height_medium color_alternate\"><div class=\"l-section-h i-cf\"><div class=\"g-cols vc_row via_grid cols_3 laptops-cols_inherit tablets-cols_inherit mobiles-cols_1 valign_top type_default stacking_default\" style=\"--columns-gap:3rem;--laptops-columns-gap:3rem;--tablets-columns-gap:3rem;--mobiles-columns-gap:4rem;\"><div class=\"wpb_column vc_column_container\"><div class=\"vc_column-inner\"><h6 class=\"w-text myline_top_red\"><span class=\"w-text-h\"><span class=\"w-text-value\">24-timers teknisk respons<\/span><\/span><\/h6><div class=\"wpb_text_column\"><div class=\"wpb_wrapper\"><p>V\u00e5re tekniske konsulenter vil gi profesjonelle svar innen 24 timer, og im\u00f8tekomme dine behov effektivt.<\/p>\n<\/div><\/div><\/div><\/div><div class=\"wpb_column vc_column_container\"><div class=\"vc_column-inner\"><h6 class=\"w-text myline_top_red\"><span class=\"w-text-h\"><span class=\"w-text-value\">Siste produktkatalog<\/span><\/span><\/h6><div class=\"wpb_text_column\"><div class=\"wpb_wrapper\"><p>F\u00e5 v\u00e5r oppdaterte og detaljerte produktkatalog for \u00e5 f\u00e5 omfattende innsikt i viktig produktinformasjon.<\/p>\n<\/div><\/div><\/div><\/div><div class=\"wpb_column vc_column_container\"><div class=\"vc_column-inner\"><h6 class=\"w-text myline_top_red\"><span class=\"w-text-h\"><span class=\"w-text-value\">Totall\u00f8sninger for ventiler<\/span><\/span><\/h6><div class=\"wpb_text_column\"><div class=\"wpb_wrapper\"><p>Vi skreddersyr komplette industrielle ventill\u00f8sninger for prosjektene dine, og dekker hele prosessen med valg, levering og service.<\/p>\n<\/div><\/div><\/div><\/div><\/div><\/div><\/section><section class=\"l-section wpb_row height_large\"><div class=\"l-section-h i-cf\"><div class=\"g-cols vc_row via_grid cols_2 laptops-cols_inherit tablets-cols_1 mobiles-cols_1 valign_middle type_default stacking_default\"><div class=\"wpb_column vc_column_container mytranslate\"><div class=\"vc_column-inner\"><h2 class=\"w-text myline_top_red\"><span class=\"w-text-h\"><span class=\"w-text-value\">Kontakt oss<\/span><\/span><\/h2><div class=\"wpb_text_column\"><div class=\"wpb_wrapper\"><p><strong>Zang<\/strong><br \/>\nE-post: <a href=\"mailto:zang@100valve.com\">zang@100valve.com<\/a><br \/>\nMobil og WhatsApp: <a href=\"tel:+8613506482282\">+86 135 0648 2282<\/a><\/p>\n<\/div><\/div><div class=\"w-separator size_custom with_line width_default thick_1 style_solid color_border align_center\" style=\"height:40px\"><div class=\"w-separator-h\"><\/div><\/div><div class=\"wpb_text_column\"><div class=\"wpb_wrapper\"><p><strong>Jenny Bai<\/strong><br \/>\nE-post: <a href=\"mailto:jenny@100valve.com\">jenny@100valve.com<\/a><br \/>\nCelle: <a href=\"tel:+8615762290423\">+86 157 6229 0423<\/a><\/p>\n<\/div><\/div><div class=\"w-separator size_custom with_line width_default thick_1 style_solid color_border align_center\" style=\"height:40px\"><div class=\"w-separator-h\"><\/div><\/div><div class=\"wpb_text_column\"><div class=\"wpb_wrapper\"><p><strong>Michael Wang<\/strong><br \/>\nE-post: <a href=\"mailto:michael@100valve.com\">michael@100valve.com<\/a><br \/>\nMobil og WhatsApp: <a href=\"tel:+86 18561816827\">+86 185 6181 6827<\/a><\/p>\n<\/div><\/div><div class=\"w-separator size_custom with_line width_default thick_1 style_solid color_border align_center\" style=\"height:40px\"><div class=\"w-separator-h\"><\/div><\/div><div class=\"wpb_text_column\"><div class=\"wpb_wrapper\"><p><strong>Wei<\/strong><br \/>\nTlf: +86 157 6229 0425<br \/>\nE-post: <a href=\"mailto:info@100valve.com\">wei@100valve.com<\/a><\/p>\n<p>Nett: <a href=\"https:\/\/www.100valve.com\/nb\/\">www.100valve.com<\/a><br \/>\nAdresse: 757, Guangda Road, Huangdao District, Qingdao, Kina.<\/p>\n<\/div><\/div><\/div><\/div><div class=\"wpb_column vc_column_container us_custom_da44669f myshadow\"><div class=\"vc_column-inner\"><h6 class=\"w-text\"><span class=\"w-text-h\"><span class=\"w-text-value\">Eller legg igjen en beskjed<\/span><\/span><\/h6><form class=\"w-form  us-field-style_2 layout_ver show_message_after_sending for_cform us_form_1\" action=\"https:\/\/www.100valve.com\/nb\/nb\/wp-json\/wp\/v2\/pages\/31\" method=\"post\" data-trp-original-action=\"https:\/\/www.100valve.com\/nb\/nb\/wp-json\/wp\/v2\/pages\/31\"><div class=\"w-form-h\"><div class=\"w-form-row for_text required\">\r\n\t\t<div class=\"w-form-row-field\">\r\n\t\t\t\t\t\t<input aria-label=\"Navnet ditt\" type=\"text\" name=\"us_form_1_text_1\" value placeholder=\"Ditt navn *\" data-required=\"true\" aria-required=\"true\"\/>\r\n\t\t\t<\/div>\r\n\t\t<div class=\"w-form-row-state\">Fill out this field<\/div>\r\n<\/div>\r\n<div class=\"w-form-row for_email required\">\r\n\t\t<div class=\"w-form-row-field\">\r\n\t\t\t\t\t\t<input aria-label=\"Din e-post\" type=\"email\" name=\"us_form_1_email_1\" value placeholder=\"Din e-post *\" data-required=\"true\" aria-required=\"true\"\/>\r\n\t\t\t<\/div>\r\n\t\t<div class=\"w-form-row-state\">Skriv inn en gyldig e-postadresse.<\/div>\r\n<\/div>\r\n<div class=\"w-form-row for_text cols_2\">\r\n\t\t<div class=\"w-form-row-field\">\r\n\t\t\t\t\t\t<input aria-label=\"Mobil eller WhatsApp\" type=\"text\" name=\"us_form_1_text_2\" value placeholder=\"Mobil eller WhatsApp\"\/>\r\n\t\t\t<\/div>\r\n\t\t<div class=\"w-form-row-state\">Fill out this field<\/div>\r\n<\/div>\r\n<div class=\"w-form-row for_text cols_2\">\r\n\t\t<div class=\"w-form-row-field\">\r\n\t\t\t\t\t\t<input aria-label=\"Ditt land\" type=\"text\" name=\"us_form_1_text_3\" value placeholder=\"Ditt land\"\/>\r\n\t\t\t<\/div>\r\n\t\t<div class=\"w-form-row-state\">Fill out this field<\/div>\r\n<\/div>\r\n<div class=\"w-form-row for_textarea\">\r\n\t\t<div class=\"w-form-row-field\">\r\n\t\t\t\t\t\t<textarea aria-label=\"Hva trenger du \u00e5 vite?\" name=\"us_form_1_textarea_1\" placeholder=\"Hva trenger du \u00e5 vite?\"><\/textarea>\r\n\t\t\t<\/div>\r\n\t\t<div class=\"w-form-row-state\">Fill out this field<\/div>\r\n<\/div>\r\n<input type=\"hidden\" name=\"action\" value=\"us_ajax_cform\" \/>\r\n<input type=\"hidden\" name=\"post_id\" value=\"0\" \/>\r\n<input type=\"hidden\" name=\"form_index\" value=\"1\" \/>\r\n<div class=\"w-form-row for_submit default_align_none laptops_align_none tablets_align_none mobiles_align_justify\">\r\n\t<button class=\"w-btn icon_atleft us-btn-style_1\" aria-label=\"OK, send melding\" type=\"submit\">\r\n\t\t<span class=\"g-preloader type_1\"><\/span>\r\n\t\t<i class=\"material-icons\" data-no-translation=\"\">message<\/i>\t\t<span class=\"w-btn-label\">OK, send melding<\/span>\r\n\t\t\t<\/button>\r\n\t<\/div>\r\n<\/div><div class=\"w-form-message\"><\/div><div class=\"w-form-json hidden\" onclick='return {&quot;ajaxurl&quot;:&quot;https:\\\/\\\/www.100valve.com\\\/wp-admin\\\/admin-ajax.php&quot;,&quot;messages&quot;:{&quot;err_empty&quot;:&quot;Fill out this field&quot;,&quot;err_size&quot;:&quot;File size cannot exceed %s MB&quot;,&quot;err_extension&quot;:&quot;%s file type is not allowed&quot;,&quot;err_recaptcha_keys&quot;:&quot;reCAPTCHA keys are incorrect&quot;}}'><\/div><input type=\"hidden\" name=\"trp-form-language\" value=\"nb\"\/><\/form><\/div><\/div><\/div><\/div><\/section>","protected":false},"excerpt":{"rendered":"","protected":false},"author":1,"featured_media":0,"parent":0,"menu_order":0,"comment_status":"closed","ping_status":"closed","template":"","meta":{"_acf_changed":false,"footnotes":""},"class_list":["post-31","page","type-page","status-publish","hentry"],"acf":[],"_links":{"self":[{"href":"https:\/\/www.100valve.com\/nb\/wp-json\/wp\/v2\/pages\/31","targetHints":{"allow":["GET"]}}],"collection":[{"href":"https:\/\/www.100valve.com\/nb\/wp-json\/wp\/v2\/pages"}],"about":[{"href":"https:\/\/www.100valve.com\/nb\/wp-json\/wp\/v2\/types\/page"}],"author":[{"embeddable":true,"href":"https:\/\/www.100valve.com\/nb\/wp-json\/wp\/v2\/users\/1"}],"replies":[{"embeddable":true,"href":"https:\/\/www.100valve.com\/nb\/wp-json\/wp\/v2\/comments?post=31"}],"version-history":[{"count":2,"href":"https:\/\/www.100valve.com\/nb\/wp-json\/wp\/v2\/pages\/31\/revisions"}],"predecessor-version":[{"id":1351,"href":"https:\/\/www.100valve.com\/nb\/wp-json\/wp\/v2\/pages\/31\/revisions\/1351"}],"wp:attachment":[{"href":"https:\/\/www.100valve.com\/nb\/wp-json\/wp\/v2\/media?parent=31"}],"curies":[{"name":"wp","href":"https:\/\/api.w.org\/{rel}","templated":true}]}}