{"id":1023,"date":"2025-11-24T15:50:05","date_gmt":"2025-11-24T07:50:05","guid":{"rendered":"https:\/\/www.100valve.com\/?page_id=1023"},"modified":"2025-11-28T09:46:24","modified_gmt":"2025-11-28T01:46:24","slug":"products","status":"publish","type":"page","link":"https:\/\/www.100valve.com\/tk\/products\/","title":{"rendered":"\u00d6n\u00fcmler"},"content":{"rendered":"<section class=\"l-section wpb_row height_auto color_alternate\"><div class=\"l-section-h i-cf\"><div class=\"g-cols vc_row via_grid cols_1 laptops-cols_inherit tablets-cols_inherit mobiles-cols_1 valign_top type_default stacking_default\"><div class=\"wpb_column vc_column_container\"><div class=\"vc_column-inner\"><section class=\"l-section wpb_row height_auto color_alternate\"><div class=\"l-section-h i-cf\"><div class=\"g-cols vc_row via_grid cols_3 laptops-cols_inherit tablets-cols_inherit mobiles-cols_1 valign_top type_boxes stacking_default\" style=\"--columns-gap:0rem;\"><div class=\"wpb_column vc_column_container us_custom_f505e561\"><div class=\"vc_column-inner\"><div class=\"w-grid us_term_list type_grid layout_1269 cols_1 overflow_hidden preload_style_spinner\" id=\"us_grid_q53b\" style=\"--columns:1;--gap:0rem;\"><style>.layout_1269 .w-grid-item-h{}.layout_1269 .usg_post_title_1{margin-top:15px!important;margin-bottom:15px!important}<\/style><div class=\"w-grid-list\">\t<div class=\"w-grid-item type_term term-4 term-marine-offshore-aqua ratio_1x1\">\r\n\t\t<div class=\"w-grid-item-h\">\r\n\t\t\t\t\t\t<h5 class=\"w-post-elm post_title usg_post_title_1 entry-title color_link_inherit\"><a href=\"https:\/\/www.100valve.com\/tk\/products_category\/marine-offshore-aqua\/\">De\u0148iz we de\u0148iz we akwa<\/a><\/h5><div class=\"w-post-elm post_content usg_post_content_1\">Klapanlar de\u0148iz enjamlary we suw hojalygy \u00fc\u00e7in poslama gar\u015fy suwuklygy g\u00f6zeg\u00e7ilikde sakla\u00fdar, orta durnukly ge\u00e7i\u015fi \u00fcpj\u00fcn ed\u00fd\u00e4r.<\/div>\t\t<\/div>\r\n\t\t\t<\/div>\r\n<\/div><\/div><div class=\"w-separator size_small\"><\/div><div class=\"w-html us_custom_ffd941c1\">\t<li class=\"cat-item cat-item-16\"><a href=\"https:\/\/www.100valve.com\/tk\/products_category\/ball-valves-marine-offshore-aqua\/\">Top klapanlary<\/a>\n<\/li>\n\t<li class=\"cat-item cat-item-17\"><a href=\"https:\/\/www.100valve.com\/tk\/products_category\/butterfly-valves-marine-offshore-aqua\/\">Kebelek klapanlary<\/a>\n<\/li>\n\t<li class=\"cat-item cat-item-18\"><a href=\"https:\/\/www.100valve.com\/tk\/products_category\/check-valves-marine-offshore-aqua\/\">Klapanlary barla\u0148<\/a>\n<\/li>\n\t<li class=\"cat-item cat-item-23\"><a href=\"https:\/\/www.100valve.com\/tk\/products_category\/emergency-shut-off-valves\/\">Klapanlary gyssagly \u00f6\u00e7\u00fcri\u0148<\/a>\n<\/li>\n\t<li class=\"cat-item cat-item-24\"><a href=\"https:\/\/www.100valve.com\/tk\/products_category\/globe-hose-valves\/\">Obeer \u015faryny\u0148 klapanlary<\/a>\n<\/li>\n\t<li class=\"cat-item cat-item-19\"><a href=\"https:\/\/www.100valve.com\/tk\/products_category\/globe-valves-marine-offshore-aqua\/\">Obeer \u015fary klapanlary<\/a>\n<\/li>\n\t<li class=\"cat-item cat-item-25\"><a href=\"https:\/\/www.100valve.com\/tk\/products_category\/jis-bronze-strainer\/\">JIS b\u00fcr\u00fcn\u00e7 s\u00fczg\u00fc\u00e7<\/a>\n<\/li>\n\t<li class=\"cat-item cat-item-26\"><a href=\"https:\/\/www.100valve.com\/tk\/products_category\/jis-check-valves\/\">JIS barlag klapanlary<\/a>\n<\/li>\n\t<li class=\"cat-item cat-item-27\"><a href=\"https:\/\/www.100valve.com\/tk\/products_category\/jis-gate-valves\/\">JIS derwezesi klapanlary<\/a>\n<\/li>\n\t<li class=\"cat-item cat-item-28\"><a href=\"https:\/\/www.100valve.com\/tk\/products_category\/jis-globe-valves\/\">JIS globus klapanlary<\/a>\n<\/li>\n\t<li class=\"cat-item cat-item-29\"><a href=\"https:\/\/www.100valve.com\/tk\/products_category\/jis-shipbuilding-can-water-filter\/\">JIS g\u00e4mi gurlu\u015fygy suwy s\u00fcz\u00fcp biler<\/a>\n<\/li>\n\t<li class=\"cat-item cat-item-30\"><a href=\"https:\/\/www.100valve.com\/tk\/products_category\/jis-storm-valves\/\">JIS tupan klapanlary<\/a>\n<\/li>\n\t<li class=\"cat-item cat-item-20\"><a href=\"https:\/\/www.100valve.com\/tk\/products_category\/metal-seated-gate-valves-marine-offshore-aqua\/\">Metal oturgy\u00e7 derwezeleri<\/a>\n<\/li>\n\t<li class=\"cat-item cat-item-21\"><a href=\"https:\/\/www.100valve.com\/tk\/products_category\/storm-valves\/\">Tupan klapanlary<\/a>\n<\/li>\n\t<li class=\"cat-item cat-item-22\"><a href=\"https:\/\/www.100valve.com\/tk\/products_category\/strainers-marine-offshore-aqua\/\">S\u00fczg\u00fc\u00e7ler<\/a>\n<\/li>\n<\/div><\/div><\/div><div class=\"wpb_column vc_column_container us_custom_f505e561\"><div class=\"vc_column-inner\"><div class=\"w-grid us_term_list type_grid layout_1269 cols_1 overflow_hidden preload_style_spinner\" id=\"us_grid_k97d\" style=\"--columns:1;--gap:0rem;\"><div class=\"w-grid-list\">\t<div class=\"w-grid-item type_term term-5 term-water-water-treatment ratio_1x1\">\r\n\t\t<div class=\"w-grid-item-h\">\r\n\t\t\t\t\t\t<h5 class=\"w-post-elm post_title usg_post_title_1 entry-title color_link_inherit\"><a href=\"https:\/\/www.100valve.com\/tk\/products_category\/water-water-treatment\/\">Suw we suw arassalamak<\/a><\/h5><div class=\"w-post-elm post_content usg_post_content_1\">Klapanlar, suwy \u00f6\u00e7\u00fcrm\u00e4ge g\u00f6zeg\u00e7ilik etmegi, akymlary sazlamagy we akymy\u0148 \u00f6\u0148\u00fcni almaga m\u00fcmkin\u00e7ilik ber\u00fd\u00e4n suwy arassalamak prosesinde esasy enjamdyr.<\/div>\t\t<\/div>\r\n\t\t\t<\/div>\r\n<\/div><\/div><div class=\"w-separator size_small\"><\/div><div class=\"w-html us_custom_ffd941c1\">\t<li class=\"cat-item cat-item-31\"><a href=\"https:\/\/www.100valve.com\/tk\/products_category\/air-valves\/\">Howa klapanlary<\/a>\n<\/li>\n\t<li class=\"cat-item cat-item-32\"><a href=\"https:\/\/www.100valve.com\/tk\/products_category\/balancing-valves\/\">Balans klapanlary<\/a>\n<\/li>\n\t<li class=\"cat-item cat-item-33\"><a href=\"https:\/\/www.100valve.com\/tk\/products_category\/ball-valves-water-water-treatment\/\">Top klapanlary<\/a>\n<\/li>\n\t<li class=\"cat-item cat-item-34\"><a href=\"https:\/\/www.100valve.com\/tk\/products_category\/butterfly-valves-water-water-treatment\/\">Kebelek klapanlary<\/a>\n<\/li>\n\t<li class=\"cat-item cat-item-35\"><a href=\"https:\/\/www.100valve.com\/tk\/products_category\/check-valves-water-water-treatment\/\">Klapanlary barla\u0148<\/a>\n<\/li>\n\t<li class=\"cat-item cat-item-36\"><a href=\"https:\/\/www.100valve.com\/tk\/products_category\/globe-valves-water-water-treatment\/\">Obeer \u015fary klapanlary<\/a>\n<\/li>\n\t<li class=\"cat-item cat-item-37\"><a href=\"https:\/\/www.100valve.com\/tk\/products_category\/metal-seated-gate-valves-water-water-treatment\/\">Metal oturgy\u00e7 derwezeleri<\/a>\n<\/li>\n\t<li class=\"cat-item cat-item-38\"><a href=\"https:\/\/www.100valve.com\/tk\/products_category\/resilient-seat-gate-valves\/\">\u00c7ydamly oturgy\u00e7 derwezesi klapanlary<\/a>\n<\/li>\n\t<li class=\"cat-item cat-item-39\"><a href=\"https:\/\/www.100valve.com\/tk\/products_category\/strainers-water-water-treatment\/\">S\u00fczg\u00fc\u00e7ler<\/a>\n<\/li>\n<\/div><\/div><\/div><div class=\"wpb_column vc_column_container\"><div class=\"vc_column-inner\"><div class=\"w-grid us_term_list type_grid layout_1269 cols_1 overflow_hidden preload_style_spinner\" id=\"us_grid_f0ab\" style=\"--columns:1;--gap:0rem;\"><div class=\"w-grid-list\">\t<div class=\"w-grid-item type_term term-3 term-industry ratio_1x1\">\r\n\t\t<div class=\"w-grid-item-h\">\r\n\t\t\t\t\t\t<h5 class=\"w-post-elm post_title usg_post_title_1 entry-title color_link_inherit\"><a href=\"https:\/\/www.100valve.com\/tk\/products_category\/industry\/\">senagaty<\/a><\/h5><div class=\"w-post-elm post_content usg_post_content_1\">Klapanlar, senagat ulgamlarynda esasy g\u00f6zeg\u00e7ilik komponentleri bolup, suwuklygy kadala\u015fdyrmak, \u00fdapmak we howpsuzlygy goramak \u00fc\u00e7in jogapk\u00e4rdir.<\/div>\t\t<\/div>\r\n\t\t\t<\/div>\r\n<\/div><\/div><div class=\"w-separator size_small\"><\/div><div class=\"w-html us_custom_ffd941c1\">\t<li class=\"cat-item cat-item-6\"><a href=\"https:\/\/www.100valve.com\/tk\/products_category\/ball-valves\/\">Top klapanlary<\/a>\n<\/li>\n\t<li class=\"cat-item cat-item-7\"><a href=\"https:\/\/www.100valve.com\/tk\/products_category\/butterfly-valves\/\">Kebelek klapanlary<\/a>\n<\/li>\n\t<li class=\"cat-item cat-item-8\"><a href=\"https:\/\/www.100valve.com\/tk\/products_category\/check-valves\/\">Klapanlary barla\u0148<\/a>\n<\/li>\n\t<li class=\"cat-item cat-item-9\"><a href=\"https:\/\/www.100valve.com\/tk\/products_category\/diaphragm-valves\/\">Diafragma klapanlary<\/a>\n<\/li>\n\t<li class=\"cat-item cat-item-10\"><a href=\"https:\/\/www.100valve.com\/tk\/products_category\/globe-valves\/\">Obeer \u015fary klapanlary<\/a>\n<\/li>\n\t<li class=\"cat-item cat-item-11\"><a href=\"https:\/\/www.100valve.com\/tk\/products_category\/knife-gate-valves\/\">Py\u00e7ak derwezesi klapanlary<\/a>\n<\/li>\n\t<li class=\"cat-item cat-item-12\"><a href=\"https:\/\/www.100valve.com\/tk\/products_category\/metal-seated-gate-valves\/\">Metal oturgy\u00e7 derwezeleri<\/a>\n<\/li>\n\t<li class=\"cat-item cat-item-13\"><a href=\"https:\/\/www.100valve.com\/tk\/products_category\/pinch-valves\/\">\u00c7\u00fcmm\u00fck klapanlar<\/a>\n<\/li>\n\t<li class=\"cat-item cat-item-14\"><a href=\"https:\/\/www.100valve.com\/tk\/products_category\/ptfe-butterfly-valves\/\">PTFE kebelek klapanlary<\/a>\n<\/li>\n\t<li class=\"cat-item cat-item-15\"><a href=\"https:\/\/www.100valve.com\/tk\/products_category\/strainers\/\">S\u00fczg\u00fc\u00e7ler<\/a>\n<\/li>\n<\/div><\/div><\/div><\/div><\/div><\/section>\n<\/div><\/div><\/div><\/div><\/section>","protected":false},"excerpt":{"rendered":"","protected":false},"author":1,"featured_media":0,"parent":0,"menu_order":0,"comment_status":"closed","ping_status":"closed","template":"","meta":{"_acf_changed":false,"footnotes":""},"class_list":["post-1023","page","type-page","status-publish","hentry"],"acf":[],"_links":{"self":[{"href":"https:\/\/www.100valve.com\/tk\/wp-json\/wp\/v2\/pages\/1023","targetHints":{"allow":["GET"]}}],"collection":[{"href":"https:\/\/www.100valve.com\/tk\/wp-json\/wp\/v2\/pages"}],"about":[{"href":"https:\/\/www.100valve.com\/tk\/wp-json\/wp\/v2\/types\/page"}],"author":[{"embeddable":true,"href":"https:\/\/www.100valve.com\/tk\/wp-json\/wp\/v2\/users\/1"}],"replies":[{"embeddable":true,"href":"https:\/\/www.100valve.com\/tk\/wp-json\/wp\/v2\/comments?post=1023"}],"version-history":[{"count":0,"href":"https:\/\/www.100valve.com\/tk\/wp-json\/wp\/v2\/pages\/1023\/revisions"}],"wp:attachment":[{"href":"https:\/\/www.100valve.com\/tk\/wp-json\/wp\/v2\/media?parent=1023"}],"curies":[{"name":"wp","href":"https:\/\/api.w.org\/{rel}","templated":true}]}}